{"id":107,"date":"2016-12-14T11:22:04","date_gmt":"2016-12-14T10:22:04","guid":{"rendered":"http:\/\/www.pappu.fr\/pappuwp\/?page_id=107"},"modified":"2022-02-21T17:01:36","modified_gmt":"2022-02-21T16:01:36","slug":"tutoriels","status":"publish","type":"page","link":"https:\/\/www.pappu.fr\/pappuwp\/tutoriels\/","title":{"rendered":"TUTORIELS \/ FAQ"},"content":{"rendered":"<p>[et_pb_section fb_built=\u00a0\u00bb1&Prime; fullwidth=\u00a0\u00bbon\u00a0\u00bb custom_padding_last_edited=\u00a0\u00bbon|desktop\u00a0\u00bb disabled_on=\u00a0\u00bbon||\u00a0\u00bb _builder_version=\u00a0\u00bb3.22.3&Prime; background_color=\u00a0\u00bbrgba(255,255,255,0)\u00a0\u00bb background_image=\u00a0\u00bbhttp:\/\/www.pappu.fr\/wp-content\/uploads\/2016\/12\/bg_ampoule.jpg\u00a0\u00bb custom_padding=\u00a0\u00bb180px||180px|\u00a0\u00bb custom_padding_tablet=\u00a0\u00bb50px|0|50px|0&Prime; custom_padding_phone=\u00a0\u00bb\u00a0\u00bb transparent_background=\u00a0\u00bbon\u00a0\u00bb padding_mobile=\u00a0\u00bboff\u00a0\u00bb make_fullwidth=\u00a0\u00bboff\u00a0\u00bb use_custom_width=\u00a0\u00bboff\u00a0\u00bb width_unit=\u00a0\u00bbon\u00a0\u00bb global_colors_info=\u00a0\u00bb{}\u00a0\u00bb][\/et_pb_section][et_pb_section fb_built=\u00a0\u00bb1&Prime; custom_padding_last_edited=\u00a0\u00bbon|desktop\u00a0\u00bb admin_label=\u00a0\u00bbsection\u00a0\u00bb _builder_version=\u00a0\u00bb3.22.3&Prime; background_color=\u00a0\u00bb#40826d\u00a0\u00bb custom_padding=\u00a0\u00bb22px||20px|\u00a0\u00bb custom_padding_tablet=\u00a0\u00bb50px|0|50px|0&Prime; custom_padding_phone=\u00a0\u00bb\u00a0\u00bb transparent_background=\u00a0\u00bboff\u00a0\u00bb padding_mobile=\u00a0\u00bboff\u00a0\u00bb make_fullwidth=\u00a0\u00bboff\u00a0\u00bb use_custom_width=\u00a0\u00bboff\u00a0\u00bb width_unit=\u00a0\u00bbon\u00a0\u00bb global_colors_info=\u00a0\u00bb{}\u00a0\u00bb][et_pb_row padding_mobile=\u00a0\u00bboff\u00a0\u00bb column_padding_mobile=\u00a0\u00bbon\u00a0\u00bb admin_label=\u00a0\u00bbrow\u00a0\u00bb _builder_version=\u00a0\u00bb3.25&Prime; background_size=\u00a0\u00bbinitial\u00a0\u00bb background_position=\u00a0\u00bbtop_left\u00a0\u00bb background_repeat=\u00a0\u00bbrepeat\u00a0\u00bb custom_padding=\u00a0\u00bb0px|0px|0px|0px\u00a0\u00bb make_fullwidth=\u00a0\u00bboff\u00a0\u00bb use_custom_width=\u00a0\u00bboff\u00a0\u00bb width_unit=\u00a0\u00bbon\u00a0\u00bb custom_width_px=\u00a0\u00bb1080px\u00a0\u00bb custom_width_percent=\u00a0\u00bb80%\u00a0\u00bb global_colors_info=\u00a0\u00bb{}\u00a0\u00bb][et_pb_column type=\u00a0\u00bb4_4&Prime; _builder_version=\u00a0\u00bb3.25&Prime; custom_padding=\u00a0\u00bb|||\u00a0\u00bb global_colors_info=\u00a0\u00bb{}\u00a0\u00bb custom_padding__hover=\u00a0\u00bb|||\u00a0\u00bb][et_pb_text _builder_version=\u00a0\u00bb3.27.4&Prime; text_font=\u00a0\u00bbIndie Flower||||\u00a0\u00bb text_font_size=\u00a0\u00bb32&Prime; background_size=\u00a0\u00bbinitial\u00a0\u00bb background_position=\u00a0\u00bbtop_left\u00a0\u00bb background_repeat=\u00a0\u00bbrepeat\u00a0\u00bb text_orientation=\u00a0\u00bbcenter\u00a0\u00bb background_layout=\u00a0\u00bbdark\u00a0\u00bb module_alignment=\u00a0\u00bbcenter\u00a0\u00bb use_border_color=\u00a0\u00bboff\u00a0\u00bb border_color=\u00a0\u00bb#ffffff\u00a0\u00bb border_style=\u00a0\u00bbsolid\u00a0\u00bb global_colors_info=\u00a0\u00bb{}\u00a0\u00bb]Tutoriels<br \/>\n[\/et_pb_text][\/et_pb_column][\/et_pb_row][\/et_pb_section][et_pb_section fb_built=\u00a0\u00bb1&Prime; admin_label=\u00a0\u00bbsection\u00a0\u00bb _builder_version=\u00a0\u00bb3.22.3&Prime; global_colors_info=\u00a0\u00bb{}\u00a0\u00bb][et_pb_row column_structure=\u00a0\u00bb1_2,1_4,1_4&Prime; _builder_version=\u00a0\u00bb3.25&Prime; background_size=\u00a0\u00bbinitial\u00a0\u00bb background_position=\u00a0\u00bbtop_left\u00a0\u00bb background_repeat=\u00a0\u00bbrepeat\u00a0\u00bb global_colors_info=\u00a0\u00bb{}\u00a0\u00bb][et_pb_column type=\u00a0\u00bb1_2&Prime; _builder_version=\u00a0\u00bb3.25&Prime; custom_padding=\u00a0\u00bb|||\u00a0\u00bb global_colors_info=\u00a0\u00bb{}\u00a0\u00bb custom_padding__hover=\u00a0\u00bb|||\u00a0\u00bb][et_pb_video _builder_version=\u00a0\u00bb4.14.8&Prime; _module_preset=\u00a0\u00bbdefault\u00a0\u00bb src=\u00a0\u00bbhttps:\/\/vimeo.com\/123634205&Prime; hover_enabled=\u00a0\u00bb0&Prime; sticky_enabled=\u00a0\u00bb0&Prime;][\/et_pb_video][\/et_pb_column][et_pb_column type=\u00a0\u00bb1_4&Prime; _builder_version=\u00a0\u00bb3.25&Prime; custom_padding=\u00a0\u00bb|||\u00a0\u00bb global_colors_info=\u00a0\u00bb{}\u00a0\u00bb custom_padding__hover=\u00a0\u00bb|||\u00a0\u00bb][et_pb_image src=\u00a0\u00bbhttp:\/\/www.pappu.fr\/wp-content\/uploads\/2016\/12\/Tuto_PAPPU_Stats-001.jpg\u00a0\u00bb url=\u00a0\u00bbhttp:\/\/www.pappu.fr\/wp-content\/files\/Tuto_PAPPU_Stats.pdf\u00a0\u00bb url_new_window=\u00a0\u00bbon\u00a0\u00bb align=\u00a0\u00bbcenter\u00a0\u00bb align_tablet=\u00a0\u00bbcenter\u00a0\u00bb align_phone=\u00a0\u00bb\u00a0\u00bb align_last_edited=\u00a0\u00bbon|desktop\u00a0\u00bb _builder_version=\u00a0\u00bb3.23&Prime; use_border_color=\u00a0\u00bboff\u00a0\u00bb border_color=\u00a0\u00bb#ffffff\u00a0\u00bb border_style=\u00a0\u00bbsolid\u00a0\u00bb animation=\u00a0\u00bboff\u00a0\u00bb sticky=\u00a0\u00bboff\u00a0\u00bb always_center_on_mobile=\u00a0\u00bbon\u00a0\u00bb global_colors_info=\u00a0\u00bb{}\u00a0\u00bb][\/et_pb_image][et_pb_image src=\u00a0\u00bbhttp:\/\/www.pappu.fr\/pappuwp\/wp-content\/uploads\/2022\/02\/Tuto_PG.jpg\u00a0\u00bb title_text=\u00a0\u00bbTuto_PG\u00a0\u00bb url=\u00a0\u00bbhttp:\/\/www.pappu.fr\/wp-content\/files\/TUTO_PAPPU.pdf\u00a0\u00bb url_new_window=\u00a0\u00bbon\u00a0\u00bb align=\u00a0\u00bbcenter\u00a0\u00bb align_tablet=\u00a0\u00bbcenter\u00a0\u00bb align_phone=\u00a0\u00bb\u00a0\u00bb align_last_edited=\u00a0\u00bbon|desktop\u00a0\u00bb _builder_version=\u00a0\u00bb4.14.8&Prime; use_border_color=\u00a0\u00bboff\u00a0\u00bb border_color=\u00a0\u00bb#ffffff\u00a0\u00bb border_style=\u00a0\u00bbsolid\u00a0\u00bb animation=\u00a0\u00bboff\u00a0\u00bb sticky=\u00a0\u00bboff\u00a0\u00bb always_center_on_mobile=\u00a0\u00bbon\u00a0\u00bb global_colors_info=\u00a0\u00bb{}\u00a0\u00bb][\/et_pb_image][\/et_pb_column][et_pb_column type=\u00a0\u00bb1_4&Prime; _builder_version=\u00a0\u00bb3.25&Prime; custom_padding=\u00a0\u00bb|||\u00a0\u00bb global_colors_info=\u00a0\u00bb{}\u00a0\u00bb custom_padding__hover=\u00a0\u00bb|||\u00a0\u00bb][et_pb_image src=\u00a0\u00bbhttp:\/\/www.pappu.fr\/wp-content\/uploads\/2016\/12\/Tuto_PAPPU_Installation.jpg\u00a0\u00bb url=\u00a0\u00bbhttp:\/\/www.pappu.fr\/wp-content\/files\/Tuto_PAPPU_Installation.pdf\u00a0\u00bb url_new_window=\u00a0\u00bbon\u00a0\u00bb align=\u00a0\u00bbcenter\u00a0\u00bb align_tablet=\u00a0\u00bbcenter\u00a0\u00bb align_phone=\u00a0\u00bb\u00a0\u00bb align_last_edited=\u00a0\u00bbon|desktop\u00a0\u00bb _builder_version=\u00a0\u00bb3.23&Prime; use_border_color=\u00a0\u00bboff\u00a0\u00bb border_color=\u00a0\u00bb#ffffff\u00a0\u00bb border_style=\u00a0\u00bbsolid\u00a0\u00bb animation=\u00a0\u00bboff\u00a0\u00bb sticky=\u00a0\u00bboff\u00a0\u00bb always_center_on_mobile=\u00a0\u00bbon\u00a0\u00bb global_colors_info=\u00a0\u00bb{}\u00a0\u00bb][\/et_pb_image][\/et_pb_column][\/et_pb_row][\/et_pb_section][et_pb_section fb_built=\u00a0\u00bb1&Prime; custom_padding_last_edited=\u00a0\u00bbon|desktop\u00a0\u00bb admin_label=\u00a0\u00bbsection\u00a0\u00bb _builder_version=\u00a0\u00bb3.22.3&Prime; background_color=\u00a0\u00bb#17657d\u00a0\u00bb custom_padding=\u00a0\u00bb22px||20px|\u00a0\u00bb custom_padding_tablet=\u00a0\u00bb50px|0|50px|0&Prime; custom_padding_phone=\u00a0\u00bb\u00a0\u00bb transparent_background=\u00a0\u00bboff\u00a0\u00bb padding_mobile=\u00a0\u00bboff\u00a0\u00bb make_fullwidth=\u00a0\u00bboff\u00a0\u00bb use_custom_width=\u00a0\u00bboff\u00a0\u00bb width_unit=\u00a0\u00bbon\u00a0\u00bb global_colors_info=\u00a0\u00bb{}\u00a0\u00bb][et_pb_row padding_mobile=\u00a0\u00bboff\u00a0\u00bb column_padding_mobile=\u00a0\u00bbon\u00a0\u00bb admin_label=\u00a0\u00bbrow\u00a0\u00bb _builder_version=\u00a0\u00bb3.25&Prime; background_size=\u00a0\u00bbinitial\u00a0\u00bb background_position=\u00a0\u00bbtop_left\u00a0\u00bb background_repeat=\u00a0\u00bbrepeat\u00a0\u00bb custom_padding=\u00a0\u00bb0px|0px|0px|0px\u00a0\u00bb make_fullwidth=\u00a0\u00bboff\u00a0\u00bb use_custom_width=\u00a0\u00bboff\u00a0\u00bb width_unit=\u00a0\u00bbon\u00a0\u00bb custom_width_px=\u00a0\u00bb1080px\u00a0\u00bb custom_width_percent=\u00a0\u00bb80%\u00a0\u00bb global_colors_info=\u00a0\u00bb{}\u00a0\u00bb][et_pb_column type=\u00a0\u00bb4_4&Prime; _builder_version=\u00a0\u00bb3.25&Prime; custom_padding=\u00a0\u00bb|||\u00a0\u00bb global_colors_info=\u00a0\u00bb{}\u00a0\u00bb custom_padding__hover=\u00a0\u00bb|||\u00a0\u00bb][et_pb_text _builder_version=\u00a0\u00bb3.27.4&Prime; text_font=\u00a0\u00bbIndie Flower||||\u00a0\u00bb text_font_size=\u00a0\u00bb32&Prime; background_size=\u00a0\u00bbinitial\u00a0\u00bb background_position=\u00a0\u00bbtop_left\u00a0\u00bb background_repeat=\u00a0\u00bbrepeat\u00a0\u00bb text_orientation=\u00a0\u00bbcenter\u00a0\u00bb background_layout=\u00a0\u00bbdark\u00a0\u00bb module_alignment=\u00a0\u00bbcenter\u00a0\u00bb use_border_color=\u00a0\u00bboff\u00a0\u00bb border_color=\u00a0\u00bb#ffffff\u00a0\u00bb border_style=\u00a0\u00bbsolid\u00a0\u00bb global_colors_info=\u00a0\u00bb{}\u00a0\u00bb]FAQ<br \/>\n[\/et_pb_text][\/et_pb_column][\/et_pb_row][\/et_pb_section][et_pb_section fb_built=\u00a0\u00bb1&Prime; custom_padding_last_edited=\u00a0\u00bbon|desktop\u00a0\u00bb admin_label=\u00a0\u00bbsection\u00a0\u00bb _builder_version=\u00a0\u00bb3.22.3&Prime; custom_padding_tablet=\u00a0\u00bb50px|0|50px|0&Prime; custom_padding_phone=\u00a0\u00bb\u00a0\u00bb transparent_background=\u00a0\u00bboff\u00a0\u00bb padding_mobile=\u00a0\u00bboff\u00a0\u00bb make_fullwidth=\u00a0\u00bboff\u00a0\u00bb use_custom_width=\u00a0\u00bboff\u00a0\u00bb width_unit=\u00a0\u00bboff\u00a0\u00bb custom_width_px=\u00a0\u00bb1080px\u00a0\u00bb custom_width_percent=\u00a0\u00bb80%\u00a0\u00bb global_colors_info=\u00a0\u00bb{}\u00a0\u00bb][et_pb_row padding_mobile=\u00a0\u00bboff\u00a0\u00bb column_padding_mobile=\u00a0\u00bbon\u00a0\u00bb admin_label=\u00a0\u00bbrow\u00a0\u00bb _builder_version=\u00a0\u00bb3.25&Prime; background_size=\u00a0\u00bbinitial\u00a0\u00bb background_position=\u00a0\u00bbtop_left\u00a0\u00bb background_repeat=\u00a0\u00bbrepeat\u00a0\u00bb make_fullwidth=\u00a0\u00bboff\u00a0\u00bb use_custom_width=\u00a0\u00bboff\u00a0\u00bb width_unit=\u00a0\u00bboff\u00a0\u00bb custom_width_px=\u00a0\u00bb1080px\u00a0\u00bb custom_width_percent=\u00a0\u00bb80%\u00a0\u00bb global_colors_info=\u00a0\u00bb{}\u00a0\u00bb][et_pb_column type=\u00a0\u00bb4_4&Prime; _builder_version=\u00a0\u00bb3.25&Prime; custom_padding=\u00a0\u00bb|||\u00a0\u00bb global_colors_info=\u00a0\u00bb{}\u00a0\u00bb custom_padding__hover=\u00a0\u00bb|||\u00a0\u00bb][et_pb_toggle title=\u00a0\u00bbJe suis int\u00e9ress\u00e9-e par PAPPU R\u00e9seau, mais je ne souhaite cr\u00e9er qu\u2019une seule structure\u00a0\u00bb _builder_version=\u00a0\u00bb3.0.87&Prime; background_size=\u00a0\u00bbinitial\u00a0\u00bb background_position=\u00a0\u00bbtop_left\u00a0\u00bb background_repeat=\u00a0\u00bbrepeat\u00a0\u00bb use_border_color=\u00a0\u00bboff\u00a0\u00bb border_color=\u00a0\u00bb#ffffff\u00a0\u00bb border_style=\u00a0\u00bbsolid\u00a0\u00bb global_colors_info=\u00a0\u00bb{}\u00a0\u00bb]Ceci ne pose aucun probl\u00e8me :<br \/>\n&#8211; Faite une demande via le formulaire mais, avant de valider, sp\u00e9cifier bien 1 structure en bas de page.<br \/>\n&#8211; Puis, \u00e0 partir de votre compte d\u2019\u00a0\u00bbAdministrateur r\u00e9seau\u00a0\u00bb, cr\u00e9ez un seul \u00ab\u00a0administrateur structure\u00a0\u00bb (vous)<br \/>\n[\/et_pb_toggle][et_pb_toggle title=\u00a0\u00bbJe souhaiterai tester PAPPU\u00a0\u00bb _builder_version=\u00a0\u00bb3.0.87&Prime; background_size=\u00a0\u00bbinitial\u00a0\u00bb background_position=\u00a0\u00bbtop_left\u00a0\u00bb background_repeat=\u00a0\u00bbrepeat\u00a0\u00bb use_border_color=\u00a0\u00bboff\u00a0\u00bb border_color=\u00a0\u00bb#ffffff\u00a0\u00bb border_style=\u00a0\u00bbsolid\u00a0\u00bb global_colors_info=\u00a0\u00bb{}\u00a0\u00bb]Afin de voir l\u2019ensemble des fonctionnalit\u00e9s du logiciel voir s&rsquo;il correspond bien aux besoins de votre structure, il est possible de tester la version PAPPU R\u00e9seau via une structure test \u00ab STRUCUTRE TEST \u00bb pr\u00e9sent dans le r\u00e9seau \u00ab DEMO RESEAU \u00bb.<br \/>\nPour se faire, faites une demande via le formulaire en pr\u00e9cisant bien que vous voulez acc\u00e9der \u00e0 la version test de PAPPU.<br \/>\n[\/et_pb_toggle][et_pb_toggle title=\u00a0\u00bbComment installer PAPPU r\u00e9seau sur plusieurs postes ?\u00a0\u00bb _builder_version=\u00a0\u00bb3.0.87&Prime; background_size=\u00a0\u00bbinitial\u00a0\u00bb background_position=\u00a0\u00bbtop_left\u00a0\u00bb background_repeat=\u00a0\u00bbrepeat\u00a0\u00bb use_border_color=\u00a0\u00bboff\u00a0\u00bb border_color=\u00a0\u00bb#ffffff\u00a0\u00bb border_style=\u00a0\u00bbsolid\u00a0\u00bb global_colors_info=\u00a0\u00bb{}\u00a0\u00bb]Il faut aller sur votre interface d\u2019administration sur www.pappu.fr et cliquer sur le \u00ab\u00a0Lien de t\u00e9l\u00e9chargement\u00a0\u00bb pour chaque nouvelle installation. Votre administrateur structure poss\u00e8de l\u2019identifiant et le mot de passe pour se connecter.<br \/>\nATTENTION, NE PAS FAIRE DE COPIER COLLER de l\u2019application t\u00e9l\u00e9charg\u00e9e.<br \/>\nUN T\u00c9L\u00c9CHARGEMENT = UNE INSTALLATION<br \/>\nPour plus d&rsquo;informations, se r\u00e9f\u00e9rer au tutoriel d\u2019installation de PAPPU.<br \/>\n[\/et_pb_toggle][et_pb_toggle title=\u00a0\u00bbO\u00f9 est pass\u00e9 PAPPU Solo ?\u00a0\u00bb _builder_version=\u00a0\u00bb3.0.87&Prime; background_size=\u00a0\u00bbinitial\u00a0\u00bb background_position=\u00a0\u00bbtop_left\u00a0\u00bb background_repeat=\u00a0\u00bbrepeat\u00a0\u00bb use_border_color=\u00a0\u00bboff\u00a0\u00bb border_color=\u00a0\u00bb#ffffff\u00a0\u00bb border_style=\u00a0\u00bbsolid\u00a0\u00bb global_colors_info=\u00a0\u00bb{}\u00a0\u00bb]Suite aux retours d&rsquo;utilisateurs, il a \u00e9t\u00e9 d\u00e9cid\u00e9 d&rsquo;abandonner le d\u00e9veloppement de PAPPU Solo.<br \/>\nCe choix a aussi \u00e9t\u00e9 dict\u00e9 par le fait d&rsquo;\u00e9viter de d\u00e9velopper un deuxi\u00e8me outil ne synchronisant pas les donn\u00e9es et limit\u00e9 dans son utilisation.<br \/>\nIl est encore possible de ne cr\u00e9er qu&rsquo;une structure dans un r\u00e9seau (cf. FAQ n\u00b01)<br \/>\n[\/et_pb_toggle][et_pb_toggle title=\u00a0\u00bbO\u00f9 visualiser les statistiques ?\u00a0\u00bb _builder_version=\u00a0\u00bb3.0.87&Prime; background_size=\u00a0\u00bbinitial\u00a0\u00bb background_position=\u00a0\u00bbtop_left\u00a0\u00bb background_repeat=\u00a0\u00bbrepeat\u00a0\u00bb use_border_color=\u00a0\u00bboff\u00a0\u00bb border_color=\u00a0\u00bb#ffffff\u00a0\u00bb border_style=\u00a0\u00bbsolid\u00a0\u00bb global_colors_info=\u00a0\u00bb{}\u00a0\u00bb]Les statistiques sont visualisables uniquement depuis l&rsquo;interface web www.pappu.fr<br \/>\nLa visualisation des statistiques depuis l&rsquo;application java PAPPU a \u00e9t\u00e9 abandonn\u00e9e en m\u00eame temps que le d\u00e9veloppement de PAPPU Solo (cf. FAQ n\u00b04).<br \/>\n[\/et_pb_toggle][et_pb_toggle title=\u00a0\u00bbJe n\u2019arrive pas \u00e0 me connecter \u00e0 mon PAPPU R\u00e9seau avec les identifiants re\u00e7us par mail\u00a0\u00bb _builder_version=\u00a0\u00bb3.0.87&Prime; background_size=\u00a0\u00bbinitial\u00a0\u00bb background_position=\u00a0\u00bbtop_left\u00a0\u00bb background_repeat=\u00a0\u00bbrepeat\u00a0\u00bb use_border_color=\u00a0\u00bboff\u00a0\u00bb border_color=\u00a0\u00bb#ffffff\u00a0\u00bb border_style=\u00a0\u00bbsolid\u00a0\u00bb global_colors_info=\u00a0\u00bb{}\u00a0\u00bb]1\/ Ne pas faire de copier\/coller de votre identifiant et de votre mot de passe. Pr\u00e9f\u00e9rez la saisie manuelle.<br \/>\n2\/ V\u00e9rifiez que vous n\u2019avez pas confondu un O et 0, un i majuscule et un L minuscule&#8230; lors de la saisie du mot de passe.<br \/>\n3\/ Il est possible que ce soit le pare-feu de votre ordinateur qui bloque l&rsquo;installation ou l&rsquo;utilisation du logiciel. V\u00e9rifier vos param\u00e8tres du pare-feu et autoriser l&rsquo;utilisation de l&rsquo;application pappu-v2.<\/p>\n<p>Si les probl\u00e8mes persistent, veuillez nous contactez pour al r\u00e9initialisation de vos param\u00e8tres.<br \/>\n[\/et_pb_toggle][et_pb_toggle title=\u00a0\u00bbMon PAPPU r\u00e9seau rame, fonctionne moins vite que d\u2019habitude avec parfois l\u2019\u00e9cran qui se fige\u00a0\u00bb _builder_version=\u00a0\u00bb3.0.87&Prime; background_size=\u00a0\u00bbinitial\u00a0\u00bb background_position=\u00a0\u00bbtop_left\u00a0\u00bb background_repeat=\u00a0\u00bbrepeat\u00a0\u00bb use_border_color=\u00a0\u00bboff\u00a0\u00bb border_color=\u00a0\u00bb#ffffff\u00a0\u00bb border_style=\u00a0\u00bbsolid\u00a0\u00bb global_colors_info=\u00a0\u00bb{}\u00a0\u00bb]Cela peut arriver si vous poss\u00e9dez plusieurs centaines de dossiers, si votre ordinateur n\u2019est pas tr\u00e8s puissant et si dans l\u2019interface de recherche des dossiers des usagers vous avez fait une recherche qui affiche l\u2019ensemble de votre base.<br \/>\nex : Recherche de \u00a0\u00bb \u00a0\u00bb \u00e0 \u00ab\u00a0Aujourd\u2019hui\u00a0\u00bb<br \/>\nPour vider le cache et corriger ce probl\u00e8me, relancer votre PAPPU et faite des recherches uniquement sur les dossiers que vous souhaitez modifier<br \/>\nSi les probl\u00e8mes persistent, veuillez nous contactez pour al r\u00e9initialisation de vos param\u00e8tres.<br \/>\n[\/et_pb_toggle][et_pb_toggle title=\u00a0\u00bbJ\u2019utilise PAPPU r\u00e9seau sur plusieurs postes et les informations ne se synchronisent pas entre elles\u00a0\u00bb _builder_version=\u00a0\u00bb3.0.87&Prime; background_size=\u00a0\u00bbinitial\u00a0\u00bb background_position=\u00a0\u00bbtop_left\u00a0\u00bb background_repeat=\u00a0\u00bbrepeat\u00a0\u00bb use_border_color=\u00a0\u00bboff\u00a0\u00bb border_color=\u00a0\u00bb#ffffff\u00a0\u00bb border_style=\u00a0\u00bbsolid\u00a0\u00bb global_colors_info=\u00a0\u00bb{}\u00a0\u00bb]Plusieurs causes possibles :<br \/>\n&#8211; la synchronisation des donn\u00e9es n\u2019a pas \u00e9t\u00e9 effectu\u00e9e. Pour information la synchronisation des donn\u00e9es se fait \u00e0 l\u2019ouverture et \u00e0 la fermeture de l\u2019application. Il faut donc ouvrir et relancer les 2 applications.<br \/>\n&#8211; Une mauvaise installation. Pour installer PAPPU sur plusieurs postes il faut n\u00e9cessairement aller sur votre interface d\u2019administration sur pappu.fr et cliquer sur le lien de t\u00e9l\u00e9chargement pour chaque nouvelle installation. NE PAS FAIRE DE COPIER COLLER de l\u2019application t\u00e9l\u00e9charg\u00e9e. UN T\u00c9L\u00c9CHARGEMENT = UNE INSTALLATION<br \/>\n&#8211; Pas de connexion Internet sur un des postes<br \/>\n[\/et_pb_toggle][\/et_pb_column][\/et_pb_row][\/et_pb_section]<\/p>\n","protected":false},"excerpt":{"rendered":"<p>Tutoriels FAQ Ceci ne pose aucun probl\u00e8me : &#8211; Faite une demande via le formulaire mais, avant de valider, sp\u00e9cifier bien 1 structure en bas de page. &#8211; Puis, \u00e0 partir de votre compte d\u2019\u00a0\u00bbAdministrateur r\u00e9seau\u00a0\u00bb, cr\u00e9ez un seul \u00ab\u00a0administrateur structure\u00a0\u00bb (vous) Afin de voir l\u2019ensemble des fonctionnalit\u00e9s du logiciel voir s&rsquo;il correspond bien aux [&hellip;]<\/p>\n","protected":false},"author":1,"featured_media":0,"parent":0,"menu_order":0,"comment_status":"closed","ping_status":"closed","template":"","meta":{"_et_pb_use_builder":"on","_et_pb_old_content":"","_et_gb_content_width":"","footnotes":""},"class_list":["post-107","page","type-page","status-publish","hentry"],"_links":{"self":[{"href":"https:\/\/www.pappu.fr\/pappuwp\/wp-json\/wp\/v2\/pages\/107","targetHints":{"allow":["GET"]}}],"collection":[{"href":"https:\/\/www.pappu.fr\/pappuwp\/wp-json\/wp\/v2\/pages"}],"about":[{"href":"https:\/\/www.pappu.fr\/pappuwp\/wp-json\/wp\/v2\/types\/page"}],"author":[{"embeddable":true,"href":"https:\/\/www.pappu.fr\/pappuwp\/wp-json\/wp\/v2\/users\/1"}],"replies":[{"embeddable":true,"href":"https:\/\/www.pappu.fr\/pappuwp\/wp-json\/wp\/v2\/comments?post=107"}],"version-history":[{"count":41,"href":"https:\/\/www.pappu.fr\/pappuwp\/wp-json\/wp\/v2\/pages\/107\/revisions"}],"predecessor-version":[{"id":1135,"href":"https:\/\/www.pappu.fr\/pappuwp\/wp-json\/wp\/v2\/pages\/107\/revisions\/1135"}],"wp:attachment":[{"href":"https:\/\/www.pappu.fr\/pappuwp\/wp-json\/wp\/v2\/media?parent=107"}],"curies":[{"name":"wp","href":"https:\/\/api.w.org\/{rel}","templated":true}]}}